{"id":464,"date":"2025-06-26T18:49:01","date_gmt":"2025-06-26T16:49:01","guid":{"rendered":"https:\/\/www.eduard-winter-kinderstiftung.berlin\/wordpress\/?page_id=464"},"modified":"2025-06-26T18:49:02","modified_gmt":"2025-06-26T16:49:02","slug":"projekte-2022","status":"publish","type":"page","link":"https:\/\/www.eduard-winter-kinderstiftung.berlin\/wordpress\/projekte-2022\/","title":{"rendered":"Projekte 2022"},"content":{"rendered":"\n<p class=\"has-black-color has-text-color\">\u201e<strong>Therapieraum UG\u201c (Sonnenhof e.V.)<\/strong><\/p>\n\n\n\n<p class=\"has-black-color has-text-color\">Der Verein hat sich auf die Betreuung von Kindern mit vorgeburtlicher Alkoholsch\u00e4digung (FASD) spezialisiert, welche dort zusammen mit nicht behinderten Kindern in kleinen \u201efamilienanalogen\u201c Wohngruppen leben.<\/p>\n\n\n\n<p class=\"has-black-color has-text-color\">Mit unserer Spende erm\u00f6glichten wir den Ausbau von Therapier\u00e4umen im Untergeschoss eines der vom Verein genutzten denkmalgesch\u00fctzten Geb\u00e4ude, so dass diese nunmehr vielseitig und regelm\u00e4\u00dfig f\u00fcr u.a. Yoga-, Schach- und Tanzgruppen genutzt werden k\u00f6nnen.<\/p>\n\n\n\n<p class=\"has-black-color has-text-color\"><strong>\u201eSchulmotivierendes Angebot\u201c (Wildwasser Arbeitsgemeinschaft gegen sexuellen Missbrauch an M\u00e4dchen e.V.)<\/strong><\/p>\n\n\n\n<p class=\"has-black-color has-text-color\">Der Verein ist eine Arbeitsgemeinschaft gegen sexualisierte Gewalt an M\u00e4dchen. Seine Angebote richten sich sowohl an M\u00e4dchen als auch an erwachsene Frauen, die als M\u00e4dchen oder Jugendliche sexualisierter Gewalt ausgesetzt waren, ebenso deren Angeh\u00f6rige und sie unterst\u00fctzende Personen. Zum Verein geh\u00f6rt auch der M\u00e4dchennotdienst f\u00fcr jugendliche M\u00e4dchen in Krisensituationen.<\/p>\n\n\n\n<p class=\"has-black-color has-text-color\">Durch unsere Spende erm\u00f6glichten wir es, den teilweise traumatisierten und deshalb auch nicht wieder schulf\u00e4higen M\u00e4dchen, an mehreren Tagen pro Woche in ihren derzeitigen Wohngruppen an einer professionellen schulbegleitenden Lernstoffvermittlung in kleinen Gruppen teilzunehmen. Ziel dieser Ma\u00dfnahme ist es, die M\u00e4dchen bestm\u00f6glich auf den erneuten Schulbesuch vorzubereiten.<\/p>\n\n\n\n<p class=\"has-black-color has-text-color\">\u201e<strong>Kopfball\u201c (PlayYa e.V.)<\/strong><\/p>\n\n\n\n<p class=\"has-black-color has-text-color\">Das Sport- und Bildungs\u00adprojekt KOPFBALL ist schon seit 15 Jahren ein fester Bestand\u00adteil des Schulalltags an der Rixdorfer Grund\u00adschule in Neuk\u00f6lln. Zweimal pro Woche werden zwei Gruppen von Sch\u00fcler\/innen der 3. und 4. Jahr\u00adgangs\u00adstufe p\u00e4da\u00adgo\u00adgisch be\u00adgle\u00aditet und durch ein ab\u00adwechs\u00adlungs\u00adreiches Ange\u00adbot f\u00fcr Bewe\u00adgung, Sprache und kultu\u00adrelle Teil\u00adhabe begeistert.<\/p>\n\n\n\n<p class=\"has-black-color has-text-color\">Zus\u00e4tz\u00adlich wird auf regel\u00adm\u00e4\u00dfig statt\u00adfin\u00addenden Aus\u00adfl\u00fcgen die kul\u00adtu\u00adrelle Viel\u00adfalt der Stadt erkun\u00addet. Durch unsere F\u00f6rderung kann das Team des Vereins mit metho\u00addisch viel\u00adf\u00e4l\u00adtigen Mit\u00adteln die Pers\u00f6n\u00adlich\u00adkeits\u00adent\u00adwicklung und Sprach\u00adkompetenz zahl\u00adreicher Sch\u00fcler\/innen erfolgreich f\u00f6rdern.<\/p>\n\n\n\n<p class=\"has-black-color has-text-color\">\u201e<strong>Erweiterung Klassenzimmer\u201c (Tannenhof Schule)<\/strong><\/p>\n\n\n\n<p class=\"has-black-color has-text-color\">Der Tannenhof Berlin-Brandenburg e.V. hilft suchterkrankten Menschen und Kindern aus schwierigen famili\u00e4ren und sozialen Verh\u00e4ltnissen. Junge Erwachsene, die aufgrund ihrer Suchterkrankung bisher keinen Schulabschluss erreichen konnten, k\u00f6nnen sich in der Tannenhof-Schule im Rahmen des zweiten Bildungswegs auf drei anerkannte Berliner Schulabschl\u00fcsse vorbereiten.<\/p>\n\n\n\n<p class=\"has-black-color has-text-color\">Um dem immer gr\u00f6\u00dfer werdenden Bedarf nach Platz gerecht zu werden, haben wir mit unserer Spende die Zusammenlegung von zwei kleinen Klassenzimmern zu einem gro\u00dfen, erweiterten Raum finanziert. Nun k\u00f6nnen die vielen jungen Erwachsenen in einigen F\u00e4chern gemeinsam dort unterrichtet werden, was auch dem Lehrpersonal die Unterrichtsgestaltung erheblich erleichtert.<\/p>\n","protected":false},"excerpt":{"rendered":"<p>\u201eTherapieraum UG\u201c (Sonnenhof e.V.) Der Verein hat sich auf die Betreuung von Kindern mit vorgeburtlicher Alkoholsch\u00e4digung (FASD) spezialisiert, welche dort zusammen mit nicht behinderten Kindern in kleinen \u201efamilienanalogen\u201c Wohngruppen leben. Mit unserer Spende erm\u00f6glichten wir den Ausbau von Therapier\u00e4umen im<\/p>\n","protected":false},"author":1,"featured_media":0,"parent":0,"menu_order":0,"comment_status":"closed","ping_status":"closed","template":"","meta":[],"_links":{"self":[{"href":"https:\/\/www.eduard-winter-kinderstiftung.berlin\/wordpress\/wp-json\/wp\/v2\/pages\/464"}],"collection":[{"href":"https:\/\/www.eduard-winter-kinderstiftung.berlin\/wordpress\/wp-json\/wp\/v2\/pages"}],"about":[{"href":"https:\/\/www.eduard-winter-kinderstiftung.berlin\/wordpress\/wp-json\/wp\/v2\/types\/page"}],"author":[{"embeddable":true,"href":"https:\/\/www.eduard-winter-kinderstiftung.berlin\/wordpress\/wp-json\/wp\/v2\/users\/1"}],"replies":[{"embeddable":true,"href":"https:\/\/www.eduard-winter-kinderstiftung.berlin\/wordpress\/wp-json\/wp\/v2\/comments?post=464"}],"version-history":[{"count":4,"href":"https:\/\/www.eduard-winter-kinderstiftung.berlin\/wordpress\/wp-json\/wp\/v2\/pages\/464\/revisions"}],"predecessor-version":[{"id":468,"href":"https:\/\/www.eduard-winter-kinderstiftung.berlin\/wordpress\/wp-json\/wp\/v2\/pages\/464\/revisions\/468"}],"wp:attachment":[{"href":"https:\/\/www.eduard-winter-kinderstiftung.berlin\/wordpress\/wp-json\/wp\/v2\/media?parent=464"}],"curies":[{"name":"wp","href":"https:\/\/api.w.org\/{rel}","templated":true}]}}