{"id":435,"date":"2022-09-26T16:46:39","date_gmt":"2022-09-26T14:46:39","guid":{"rendered":"https:\/\/www.eduard-winter-kinderstiftung.berlin\/wordpress\/?page_id=435"},"modified":"2022-09-26T16:46:39","modified_gmt":"2022-09-26T14:46:39","slug":"projekte-2019","status":"publish","type":"page","link":"https:\/\/www.eduard-winter-kinderstiftung.berlin\/wordpress\/projekte-2019\/","title":{"rendered":"Projekte 2019"},"content":{"rendered":"\n<div class=\"wp-block-image\"><figure class=\"alignright is-resized\"><a href=\"http:\/\/www.eduard-winter-kinderstiftung.berlin\/wordpress\/wp-content\/uploads\/2022\/08\/MitmachMusik.jpg\"><img loading=\"lazy\" src=\"http:\/\/www.eduard-winter-kinderstiftung.berlin\/wordpress\/wp-content\/uploads\/2022\/08\/MitmachMusik.jpg\" alt=\"\" class=\"wp-image-387\" width=\"197\" height=\"150\"\/><\/a><\/figure><\/div>\n\n\n\n<p class=\"has-black-color has-text-color\"><strong>&#8222;10 Jahres-Musikpatenschaften&#8220; mit dem MitMachMusik &#8211; ein Weg zur Integration von Fl\u00fcchtlingskindern e.V.<\/strong><\/p>\n\n\n\n<p class=\"has-black-color has-text-color\">Der Verein engagiert sich seit seiner Gr\u00fcndung 2016 f\u00fcr die Integration von Fl\u00fcchtlingskindern und nutzt dazu ins-besondere die Musik. Erwachsene Musikerinnen und Musiker musizieren gemeinsam mit gefl\u00fcchteten Kindern und Jugendlichen, die dabei positive Erfahrungen in ihrem instrumentalen K\u00f6nnen und ihrer sprachlichen Entwicklung machen.<\/p>\n\n\n\n<p class=\"has-black-color has-text-color\">Durch unsere Spende erm\u00f6glichten wir insgesamt 10 Kindern und Jugendlichen die Teilnahme am Musikunterricht und die Einzelf\u00f6rderung f\u00fcr jeweils 1 Jahr.<\/p>\n\n\n\n<div class=\"wp-block-image\"><figure class=\"alignright is-resized\"><a href=\"http:\/\/www.eduard-winter-kinderstiftung.berlin\/wordpress\/wp-content\/uploads\/2022\/08\/MJI.jpg\"><img loading=\"lazy\" src=\"http:\/\/www.eduard-winter-kinderstiftung.berlin\/wordpress\/wp-content\/uploads\/2022\/08\/MJI.jpg\" alt=\"\" class=\"wp-image-388\" width=\"133\" height=\"150\"\/><\/a><\/figure><\/div>\n\n\n\n<p class=\"has-black-color has-text-color\"><strong>&#8222;PC-gest\u00fctzte Hausaufgabenhilfe&#8220; mit dem Multikulturelles Jugend- und Integrationszentrum (MJI) e.V.<\/strong><\/p>\n\n\n\n<p class=\"has-black-color has-text-color\">Der Verein will einen Beitrag zur Integration von Migranten leisten und den sozialen Zusammenhalt in unserer Ge-sellschaft f\u00f6rdern. Durch Unterst\u00fctzung der Kinder und Jugendlichen mit und ohne Migrationshintergrund tr\u00e4gt er dazu bei, insbesondere Kindern aus sozial schwachen Familien bessere Zukunftsperspektiven zu erm\u00f6glichen.<\/p>\n\n\n\n<p class=\"has-black-color has-text-color\">Auch in 2019 f\u00f6rderten wir durch unsere Spende das integrative Nachhilfeprojekt des Vereins. Bei dieser speziellen Form der Unterst\u00fctzung in schulischen Belangen, seien es Hausaufgabenprobleme oder generelle Lernschwierigkeiten, wird an 4 Tagen in der Woche f\u00fcr jeweils insgesamt 4 Stunden allen Kindern und Jugentlichen die M\u00f6glichkeit ge-geben, unter fachkundiger ehrenamtlicher Betreuung und mit Unterst\u00fctzung durch den Einsatz geeigenter Compu-terprogramme ihre Arbeiten zu erledigen und die ben\u00f6tigte Hilfestellung zu bekommen. Die hierdurch erlangte Sicherheit in schulischen Belangen verbessert nicht nur die Notensituation der Kinder, sie st\u00e4rkt auch deren Selbst-bewusstsein nachhaltig.<\/p>\n\n\n\n<div class=\"wp-block-image\"><figure class=\"alignright is-resized\"><a href=\"http:\/\/www.eduard-winter-kinderstiftung.berlin\/wordpress\/wp-content\/uploads\/2022\/08\/Nierenkinder.jpg\"><img loading=\"lazy\" src=\"http:\/\/www.eduard-winter-kinderstiftung.berlin\/wordpress\/wp-content\/uploads\/2022\/08\/Nierenkinder-300x166.jpg\" alt=\"\" class=\"wp-image-389\" width=\"225\" height=\"125\" srcset=\"https:\/\/www.eduard-winter-kinderstiftung.berlin\/wordpress\/wp-content\/uploads\/2022\/08\/Nierenkinder-300x166.jpg 300w, https:\/\/www.eduard-winter-kinderstiftung.berlin\/wordpress\/wp-content\/uploads\/2022\/08\/Nierenkinder.jpg 362w\" sizes=\"(max-width: 225px) 100vw, 225px\" \/><\/a><\/figure><\/div>\n\n\n\n<p><strong>&#8222;M\u00f6belausstattung der Station 266 der Kinderklinik der Charit\u00e9&#8220; mit NierenKinder e.V.<\/strong><\/p>\n\n\n\n<p class=\"has-black-color has-text-color\">Der Verein ist eine Selbsthilfegruppe f\u00fcr Familien mit nierenkranken Kindern und Jugendlichen, die vor allem in der Berliner Charit\u00e9 und dem KfH ambulant und station\u00e4r betreut werden.<\/p>\n\n\n\n<p class=\"has-black-color has-text-color\">Durch unsere Spende erm\u00f6glichten wir es dem Verein, die Station 26 der Kinderklinik der Berliner Charit\u00e9 auf dem Gel\u00e4nde des Rudolf Virchow Klinikums mit neuem, kindgerechtem Mobiliar auszustatten, um die langen Aufenthalte dort u. a. auch f\u00fcr die nichterkrankten Geschwisterkinder ertr\u00e4glicher zu machen. Au\u00dferdem wurden grosse, farben-frohe Wandbilder mit verschiedensten Tiermotiven in den Behandlungsr\u00e4umen und Krankenzimmern angebracht, um alles ein wenig bunter und kinderfreundlicher erscheinen zu lassen.<\/p>\n\n\n\n<div class=\"wp-block-image\"><figure class=\"alignright is-resized\"><a href=\"http:\/\/www.eduard-winter-kinderstiftung.berlin\/wordpress\/wp-content\/uploads\/2022\/08\/Tannenhof.jpg\"><img loading=\"lazy\" src=\"http:\/\/www.eduard-winter-kinderstiftung.berlin\/wordpress\/wp-content\/uploads\/2022\/08\/Tannenhof-300x94.jpg\" alt=\"\" class=\"wp-image-394\" width=\"225\" height=\"71\" srcset=\"https:\/\/www.eduard-winter-kinderstiftung.berlin\/wordpress\/wp-content\/uploads\/2022\/08\/Tannenhof-300x94.jpg 300w, https:\/\/www.eduard-winter-kinderstiftung.berlin\/wordpress\/wp-content\/uploads\/2022\/08\/Tannenhof.jpg 641w\" sizes=\"(max-width: 225px) 100vw, 225px\" \/><\/a><\/figure><\/div>\n\n\n\n<p class=\"has-black-color has-text-color\"><strong>&#8222;Ausbau Gartenanlage Alt-Lichtenrade&#8220; mit dem Tannenhof Berlin-Brandenburg e.V.<\/strong><\/p>\n\n\n\n<p class=\"has-black-color has-text-color\">Der Verein unterst\u00fctzt Kinder aus benachteiligten Lebenssituationen. Die Belastungen k\u00f6nnen so stark sein, dass die Kinder zeitweilig nicht zu Hause leben k\u00f6nnen. Es leben ca. 15 Kinder im Grundschulalter in Kinderwohngruppen bei dem Tr\u00e4ger, viele weitere Kinder werden in sogenannten Tageswohngruppen betreut.<\/p>\n\n\n\n<p class=\"has-black-color has-text-color\">Durch unsere Spende wurde der Gartenbereich der Kinderwohngruppe in Alt-Lichtenrade erneuert, so dass dieser nun endlich ausgiebig f\u00fcr gemeinsame &#8222;Draussen&#8220;-Aktivit\u00e4ten genutzt werden kann. Diese Aktivit\u00e4ten sind ein wichtiger Bestandteil der therapeutischen Arbeit, da dabei sowohl die k\u00f6rperliche als auch die seelische Entwicklung unterst\u00fctzt und gef\u00f6rdert werden kann.<\/p>\n\n\n\n<div class=\"wp-block-image\"><figure class=\"alignright is-resized\"><a href=\"http:\/\/www.eduard-winter-kinderstiftung.berlin\/wordpress\/wp-content\/uploads\/2022\/08\/TrauerZeit.jpg\"><img loading=\"lazy\" src=\"http:\/\/www.eduard-winter-kinderstiftung.berlin\/wordpress\/wp-content\/uploads\/2022\/08\/TrauerZeit.jpg\" alt=\"\" class=\"wp-image-395\" width=\"209\" height=\"150\"\/><\/a><\/figure><\/div>\n\n\n\n<p class=\"has-black-color has-text-color\"><strong>&#8222;Jungendlichentrauergruppe&#8220; mit TrauerZeit &#8211; Zentrum f\u00fcr trauernde Kinder und Familien Berlin Brandenburg e.V.<\/strong><\/p>\n\n\n\n<p class=\"has-black-color has-text-color\">Der Verein bietet Kindern und Jugendlichen, die einen oder beide Elternteile verloren haben, in Einzelberatung oder seinen Trauergruppen qualifizierten Beistand in dieser schwierigen Lebenssituation an. Dort k\u00f6nnen sich die Betroffenen mit anderen betroffenen Kindern und Jugendlichen austauschen, was f\u00fcr sie in ihrem normalen Alltag ansonsten oft nicht m\u00f6glich ist.<\/p>\n\n\n\n<p class=\"has-black-color has-text-color\">Durch unsere Spende finanzierten wir den halb- oder vollverwaisten Jugendlichen zwischen 13 bis 19 Jahren die re-gelm\u00e4\u00dfige 14-t\u00e4gige Teilnahme an einer Jugendlichentrauergruppe inklusive Materialien, soweit es die erschwerten Bedingungen anl\u00e4sslich der Covid19-Pandemie zulie\u00dfen. Trotz der pandemiebedingten Einschr\u00e4nkungen hatten sie so die M\u00f6glichkeit, sich regelm\u00e4\u00dfig untereinander und mit den Therapeuten\/Therapeutinnen auszutauschen und sich Hilfe zu holen.<\/p>\n","protected":false},"excerpt":{"rendered":"<p>&#8222;10 Jahres-Musikpatenschaften&#8220; mit dem MitMachMusik &#8211; ein Weg zur Integration von Fl\u00fcchtlingskindern e.V. Der Verein engagiert sich seit seiner Gr\u00fcndung 2016 f\u00fcr die Integration von Fl\u00fcchtlingskindern und nutzt dazu ins-besondere die Musik. Erwachsene Musikerinnen und Musiker musizieren gemeinsam mit gefl\u00fcchteten<\/p>\n","protected":false},"author":1,"featured_media":0,"parent":0,"menu_order":0,"comment_status":"closed","ping_status":"closed","template":"","meta":[],"_links":{"self":[{"href":"https:\/\/www.eduard-winter-kinderstiftung.berlin\/wordpress\/wp-json\/wp\/v2\/pages\/435"}],"collection":[{"href":"https:\/\/www.eduard-winter-kinderstiftung.berlin\/wordpress\/wp-json\/wp\/v2\/pages"}],"about":[{"href":"https:\/\/www.eduard-winter-kinderstiftung.berlin\/wordpress\/wp-json\/wp\/v2\/types\/page"}],"author":[{"embeddable":true,"href":"https:\/\/www.eduard-winter-kinderstiftung.berlin\/wordpress\/wp-json\/wp\/v2\/users\/1"}],"replies":[{"embeddable":true,"href":"https:\/\/www.eduard-winter-kinderstiftung.berlin\/wordpress\/wp-json\/wp\/v2\/comments?post=435"}],"version-history":[{"count":1,"href":"https:\/\/www.eduard-winter-kinderstiftung.berlin\/wordpress\/wp-json\/wp\/v2\/pages\/435\/revisions"}],"predecessor-version":[{"id":437,"href":"https:\/\/www.eduard-winter-kinderstiftung.berlin\/wordpress\/wp-json\/wp\/v2\/pages\/435\/revisions\/437"}],"wp:attachment":[{"href":"https:\/\/www.eduard-winter-kinderstiftung.berlin\/wordpress\/wp-json\/wp\/v2\/media?parent=435"}],"curies":[{"name":"wp","href":"https:\/\/api.w.org\/{rel}","templated":true}]}}