{"id":425,"date":"2022-09-26T16:20:09","date_gmt":"2022-09-26T14:20:09","guid":{"rendered":"https:\/\/www.eduard-winter-kinderstiftung.berlin\/wordpress\/?page_id=425"},"modified":"2022-09-26T16:20:09","modified_gmt":"2022-09-26T14:20:09","slug":"projekte-2021","status":"publish","type":"page","link":"https:\/\/www.eduard-winter-kinderstiftung.berlin\/wordpress\/projekte-2021\/","title":{"rendered":"Projekte 2021"},"content":{"rendered":"\n<div class=\"wp-block-image\"><figure class=\"alignright is-resized\"><a href=\"http:\/\/www.eduard-winter-kinderstiftung.berlin\/wordpress\/wp-content\/uploads\/2022\/08\/DRK_Schoeneberg_Wilmersdorf.jpg\"><img loading=\"lazy\" src=\"http:\/\/www.eduard-winter-kinderstiftung.berlin\/wordpress\/wp-content\/uploads\/2022\/08\/DRK_Schoeneberg_Wilmersdorf-300x128.jpg\" alt=\"\" class=\"wp-image-383\" width=\"225\" height=\"96\" srcset=\"https:\/\/www.eduard-winter-kinderstiftung.berlin\/wordpress\/wp-content\/uploads\/2022\/08\/DRK_Schoeneberg_Wilmersdorf-300x128.jpg 300w, https:\/\/www.eduard-winter-kinderstiftung.berlin\/wordpress\/wp-content\/uploads\/2022\/08\/DRK_Schoeneberg_Wilmersdorf.jpg 467w\" sizes=\"(max-width: 225px) 100vw, 225px\" \/><\/a><\/figure><\/div>\n\n\n\n<p class=\"has-black-color has-text-color\"><strong>&#8222;Sprachpaten f\u00fcr KiTa-Kinder&#8220; mit dem DRK Berlin Sch\u00f6neberg-Wilmersdorf e.V.<\/strong><\/p>\n\n\n\n<p class=\"has-black-color has-text-color\">Der Verein geh\u00f6rt als Kreisverband zum DRK Deutschland und arbeitet im Berliner Bezirk Sch\u00f6neberg-Wilmersdorf. In diesem Bezirk hat etwa die H\u00e4lfte aller Grundschulkinder einen Migrationshintergrund, aktuell besuchen etwa 14 % der Kinder keine KiTas vor dem Schulbesuch. Durch den teils kaum vorhandenen Kontakt mit der deutschen Sprache wird ihnen der Einstieg in die Grundschule deutlich erschwert. Aus diesem Grund hat der Verein in Zusammenarbeit mit uns das Projekt &#8222;Sprachpaten&#8220; ins Leben gerufen, bei dem insbesondere Kinder aus Vorschulgruppen mit ihren Eltern mehrmals pro Woche f\u00fcr einige Stunden in Kleingruppen von geschultem Personal an die deutsche Sprache heran-gef\u00fchrt werden.<\/p>\n\n\n\n<p class=\"has-black-color has-text-color\">Durch unsere Spende erm\u00f6glichten wir es im Jahr 2021 insgesamt 29 Kindern im Alter von 3 bis 10 Jahren an diesem Projekt teilzunehmen. Das Erlernen der deutschen Sprache wurde dabei in unterschiedlichsten Unternehmungen spielerisch gef\u00f6rdert, sei es beim Spielen, Backen oder auf den Ausfl\u00fcgen zu den Spielpl\u00e4tzen etc.<\/p>\n\n\n\n<div class=\"wp-block-image\"><figure class=\"alignright is-resized\"><a href=\"http:\/\/www.eduard-winter-kinderstiftung.berlin\/wordpress\/wp-content\/uploads\/2022\/08\/Kreuzberger_Kinderstiftung.jpg\"><img loading=\"lazy\" src=\"http:\/\/www.eduard-winter-kinderstiftung.berlin\/wordpress\/wp-content\/uploads\/2022\/08\/Kreuzberger_Kinderstiftung-300x101.jpg\" alt=\"\" class=\"wp-image-385\" width=\"225\" height=\"76\" srcset=\"https:\/\/www.eduard-winter-kinderstiftung.berlin\/wordpress\/wp-content\/uploads\/2022\/08\/Kreuzberger_Kinderstiftung-300x101.jpg 300w, https:\/\/www.eduard-winter-kinderstiftung.berlin\/wordpress\/wp-content\/uploads\/2022\/08\/Kreuzberger_Kinderstiftung.jpg 594w\" sizes=\"(max-width: 225px) 100vw, 225px\" \/><\/a><\/figure><\/div>\n\n\n\n<p class=\"has-black-color has-text-color\"><strong>&#8222;Spree-B\u00e4ren&#8220; mit der Kreuzberger Kinderstiftung gAG<\/strong><\/p>\n\n\n\n<p class=\"has-black-color has-text-color\">Die Stiftung setzt sich f\u00fcr Bildungsgerechtigkeit und Jugendengagement ein und f\u00f6rdert u. a. Kinder und Jugendliche im Berliner Bezirk Friedrichshain-Kreuzberg sowie den angrenzenden Stadtgebieten durch verschiedenste Angebote und Stipendien.<\/p>\n\n\n\n<p class=\"has-black-color has-text-color\">Durch unsere Spende erm\u00f6glichten wir ca. 40 Kindern und Jugendlichen im Alter von 9 bis 16 Jahren an den inte-grativen Kanu-Kursen &#8222;Spree-B\u00e4ren&#8220; teilnehmen zu k\u00f6nnen und Erfahrungen auf und rund um das Wasser zu sammeln. Die Teilnehmer treffen sich regelm\u00e4\u00dfig zu Kanu- oder Kajak-Ausfl\u00fcgen auf den Berliner Gew\u00e4ssern, machen Wochen-endfahrten und lernen so viel zu den Themen Umweltbewusstsein und Nachhaltigkeit. Auch ihre soziale Kompetenz und ihre eigenes Selbstvertrauen werden durch dieses Projekt deutlich verbessert.<\/p>\n\n\n\n<div class=\"wp-block-image\"><figure class=\"alignright is-resized\"><a href=\"http:\/\/www.eduard-winter-kinderstiftung.berlin\/wordpress\/wp-content\/uploads\/2022\/08\/Tannenhof.jpg\"><img loading=\"lazy\" src=\"http:\/\/www.eduard-winter-kinderstiftung.berlin\/wordpress\/wp-content\/uploads\/2022\/08\/Tannenhof-300x94.jpg\" alt=\"\" class=\"wp-image-394\" width=\"225\" height=\"71\" srcset=\"https:\/\/www.eduard-winter-kinderstiftung.berlin\/wordpress\/wp-content\/uploads\/2022\/08\/Tannenhof-300x94.jpg 300w, https:\/\/www.eduard-winter-kinderstiftung.berlin\/wordpress\/wp-content\/uploads\/2022\/08\/Tannenhof.jpg 641w\" sizes=\"(max-width: 225px) 100vw, 225px\" \/><\/a><\/figure><\/div>\n\n\n\n<p class=\"has-black-color has-text-color\"><strong>&#8222;Reittherapie&#8220; mit dem Tannenhof Berlin-Brandenburg e.V.<\/strong><\/p>\n\n\n\n<p class=\"has-black-color has-text-color\">Der Verein unterst\u00fctzt Kinder aus benachteiligten Lebenssituationen. Die Belastungen k\u00f6nnen so stark sein, dass die Kinder zeitweilig nicht zu Hause leben k\u00f6nnen. Es leben ca. 15 Kinder im Grundschulalter in Kinderwohngruppen bei dem Tr\u00e4ger, viele weitere werden in sogenannten Tageswohngruppen betreut.<\/p>\n\n\n\n<p class=\"has-black-color has-text-color\">Durch unsere Spende konnten 16 Kinder aus den Kinderwohngruppen des Vereins ein halbes Jahr lang regelm\u00e4\u00dfig im 14-t\u00e4gigem Wechsel an therapeutischem Reiten in kleinen Gruppen teilnehmen. Diese Therapie hat einen positiven Einfluss auf die individuelle und soziale Entwicklung der Kinder, sie bauen wieder mehr Vertrauen zu anderen Meschen auf und steigern durch den eigenverantwortlichen Umgang mit &#8222;ihren&#8220; Pferden auch ihr eigenes Selbstwertgef\u00fchl.<\/p>\n\n\n\n<div class=\"wp-block-image\"><figure class=\"alignright is-resized\"><a href=\"http:\/\/www.eduard-winter-kinderstiftung.berlin\/wordpress\/wp-content\/uploads\/2022\/08\/Schutzengelwerk.jpg\"><img loading=\"lazy\" src=\"http:\/\/www.eduard-winter-kinderstiftung.berlin\/wordpress\/wp-content\/uploads\/2022\/08\/Schutzengelwerk-300x194.jpg\" alt=\"\" class=\"wp-image-390\" width=\"225\" height=\"146\" srcset=\"https:\/\/www.eduard-winter-kinderstiftung.berlin\/wordpress\/wp-content\/uploads\/2022\/08\/Schutzengelwerk-300x194.jpg 300w, https:\/\/www.eduard-winter-kinderstiftung.berlin\/wordpress\/wp-content\/uploads\/2022\/08\/Schutzengelwerk.jpg 309w\" sizes=\"(max-width: 225px) 100vw, 225px\" \/><\/a><\/figure><\/div>\n\n\n\n<p class=\"has-black-color has-text-color\"><strong>&#8222;LernEngel Pankow&#8220; mit der SchutzengelWerk gGmbH<\/strong><\/p>\n\n\n\n<p class=\"has-black-color has-text-color\">Das SchutzengelWerk hat sich zur Aufgabe gemacht, Defizite in der Ern\u00e4hrung und der Bildung sowie soziale und kulturelle Vernachl\u00e4ssigung bei Kindern und Jugendlichen zu bek\u00e4mpfen. Mit verschiedensten Angeboten wird ver-sucht, den Kindern und Jugendlichen unb\u00fcrokratisch Zugang zu gesundem Essen, Bildung, Kultur und sportlichen Aktivit\u00e4ten zu erm\u00f6glichen.<\/p>\n\n\n\n<p class=\"has-black-color has-text-color\">Durch unsere Spende beteiligten wir uns gern an dem Projekt &#8222;LernEngel Pankow&#8220;, durch das betroffene Kinder und Jugendliche an verschiedenen Schulen im Bezirk Pankow das kostenfreie Angebot einer au\u00dferschulischen Nachhilfe gemacht wird. Das Nachhilfeangebot soll an allen Werktagen von 12 bis 18 Uhr stattfinden. Damit ist es hoffentlich m\u00f6glich, die pandemiebedingten deutlichen Lernr\u00fcckst\u00e4nde vieler Sch\u00fclerinnen und Sch\u00fcler dort aufzuholen und ihnen wieder mehr Freude am Schulalltag zu geben.<\/p>\n\n\n\n<div class=\"wp-block-image\"><figure class=\"alignright is-resized\"><a href=\"http:\/\/www.eduard-winter-kinderstiftung.berlin\/wordpress\/wp-content\/uploads\/2022\/08\/ServetheCity.jpg\"><img loading=\"lazy\" src=\"http:\/\/www.eduard-winter-kinderstiftung.berlin\/wordpress\/wp-content\/uploads\/2022\/08\/ServetheCity.jpg\" alt=\"\" class=\"wp-image-391\" width=\"81\" height=\"100\"\/><\/a><\/figure><\/div>\n\n\n\n<p class=\"has-black-color has-text-color\"><strong>&#8222;Weihnachtspakete&#8220; mit dem Serve the City Berlin e.V.<\/strong><\/p>\n\n\n\n<p class=\"has-black-color has-text-color\">Der Verein hat sich u. a. der F\u00f6rderung der Jugendhilfe verschrieben. Jedes Jahr zu Weihnachten startet er eine Aktion, in der viele Weihnachtsp\u00e4ckchen in den verschiedensten Berliner Fl\u00fcchtlingsunterk\u00fcnften an die dort lebenden Kinder und Jugendlichen verteilt werden.<\/p>\n\n\n\n<p class=\"has-black-color has-text-color\">Durch unsere Spende unterst\u00fctzten wir zum Jahresende 2021 gern die Verteilung von ca. 2.000 Weihnachtspaketen in 16 verschiedenen Berliner Einrichtungen f\u00fcr Fl\u00fcchtlinge.<\/p>\n","protected":false},"excerpt":{"rendered":"<p>&#8222;Sprachpaten f\u00fcr KiTa-Kinder&#8220; mit dem DRK Berlin Sch\u00f6neberg-Wilmersdorf e.V. Der Verein geh\u00f6rt als Kreisverband zum DRK Deutschland und arbeitet im Berliner Bezirk Sch\u00f6neberg-Wilmersdorf. In diesem Bezirk hat etwa die H\u00e4lfte aller Grundschulkinder einen Migrationshintergrund, aktuell besuchen etwa 14 % der<\/p>\n","protected":false},"author":1,"featured_media":0,"parent":0,"menu_order":0,"comment_status":"closed","ping_status":"closed","template":"","meta":[],"_links":{"self":[{"href":"https:\/\/www.eduard-winter-kinderstiftung.berlin\/wordpress\/wp-json\/wp\/v2\/pages\/425"}],"collection":[{"href":"https:\/\/www.eduard-winter-kinderstiftung.berlin\/wordpress\/wp-json\/wp\/v2\/pages"}],"about":[{"href":"https:\/\/www.eduard-winter-kinderstiftung.berlin\/wordpress\/wp-json\/wp\/v2\/types\/page"}],"author":[{"embeddable":true,"href":"https:\/\/www.eduard-winter-kinderstiftung.berlin\/wordpress\/wp-json\/wp\/v2\/users\/1"}],"replies":[{"embeddable":true,"href":"https:\/\/www.eduard-winter-kinderstiftung.berlin\/wordpress\/wp-json\/wp\/v2\/comments?post=425"}],"version-history":[{"count":2,"href":"https:\/\/www.eduard-winter-kinderstiftung.berlin\/wordpress\/wp-json\/wp\/v2\/pages\/425\/revisions"}],"predecessor-version":[{"id":427,"href":"https:\/\/www.eduard-winter-kinderstiftung.berlin\/wordpress\/wp-json\/wp\/v2\/pages\/425\/revisions\/427"}],"wp:attachment":[{"href":"https:\/\/www.eduard-winter-kinderstiftung.berlin\/wordpress\/wp-json\/wp\/v2\/media?parent=425"}],"curies":[{"name":"wp","href":"https:\/\/api.w.org\/{rel}","templated":true}]}}