{"id":347,"date":"2018-05-09T11:30:30","date_gmt":"2018-05-09T09:30:30","guid":{"rendered":"http:\/\/www.eduard-winter-kinderstiftung.berlin\/wordpress\/?page_id=347"},"modified":"2018-05-09T11:34:06","modified_gmt":"2018-05-09T09:34:06","slug":"datenschutz","status":"publish","type":"page","link":"https:\/\/www.eduard-winter-kinderstiftung.berlin\/wordpress\/datenschutz\/","title":{"rendered":"Datenschutz"},"content":{"rendered":"<p><span style=\"color: #000000;\">Der Datenschutz ist uns sehr wichtig und wir beachten die Bestimmungen der europ\u00e4ischen Datenschutz-Grundverordnung (DSGVO). Wir m\u00f6chten Sie dar\u00fcber informieren, welche Daten erhoben und wie verwendet werden.<\/span><\/p>\n<h3><span style=\"color: #000000;\">Personenbezogene Daten<\/span><\/h3>\n<p><span style=\"color: #000000;\">Personenbezogene Daten sind Informationen die genutzt werden k\u00f6nnen, um Sie zu identifizieren. Darunter fallen Informationen wie Name, Adresse, Postanschrift, Telefonnummer, E-Mail-Adresse.<\/span><\/p>\n<p><span style=\"color: #000000;\">Die Nutzung der Webseite ist ohne Angabe personenbezogener Daten m\u00f6glich. Die Webseite verwendet grunds\u00e4tzlich keine permanenten Cookies. Ebenso wenig werden andere Techniken verwendet, die dazu dienen, das Zugriffsverhalten von Nutzern nachvollziehen zu k\u00f6nnen.<\/span><\/p>\n<h3><span style=\"color: #000000;\">Webfonts<\/span><\/h3>\n<p><span style=\"color: #000000;\">Auf dieser Internetseite werden externe Schriften in Form von Google Fonts verwendet (Betreiber: Google Inc., 1600 Amphitheatre Parkway, Mountain View, CA 94043, USA). Die Einbindung dieser Web Fonts erfolgt durch Aufruf eines externen Servers von Google, in der Regel in den USA. Hierdurch wird an den Server \u00fcbermittelt, da\u00df die Internetseite besucht wurde. Auch wird die IP-Adresse des Browsers des Endger\u00e4tes des Nutzers dieser Internetseiten von Google gespeichert.<\/span><\/p>\n<p><span style=\"color: #000000;\">Link zu den Datenschutzhinweisen von Google: <a href=\"https:\/\/www.google.com\/policies\/privacy\/\" target=\"_blank\" rel=\"noopener\">www.google.com\/policies\/privacy\/<\/a><\/span><\/p>\n<h3><span style=\"color: #000000;\">Auskunft<\/span><\/h3>\n<p><span style=\"color: #000000;\">Sie haben das Recht auf unentgeltliche Auskunft \u00fcber Ihre gespeicherten personenbezogenen Daten, deren Herkunft, Empf\u00e4nger und den Zweck der Datenverarbeitung, sowie ein Recht auf Berichtigung, Sperrung oder L\u00f6schung dieser Daten. Hierzu k\u00f6nnen Sie sich unter der im Impressum angegebenen Adresse an uns wenden.<\/span><\/p>\n<h3><span style=\"color: #000000;\">Kontaktm\u00f6glichkeit<\/span><\/h3>\n<p><span style=\"color: #000000;\">Wir bieten Ihnen auf unserer Internetseite die M\u00f6glichkeit, mit uns per E-Mail in Verbindung zu treten. In diesem Fall besteht die M\u00f6glichkeit, uns personenbezogene Daten zu \u00fcbermitteln. Diese Daten werden zum Zweck der Bearbeitung gespeichert. Ohne Ihre ausdr\u00fcckliche Zustimmung werden diese Daten nicht an Dritte weitergegeben.<\/span><\/p>\n<p><span style=\"color: #000000;\">Wir weisen darauf hin, dass die Daten\u00fcbertragung im Internet Sicherheitsl\u00fccken aufweisen kann (z.B. bei der Kommunikation per E-Mail). Ein l\u00fcckenloser Schutz der Daten vor dem Zugriff durch Dritte ist nicht m\u00f6glich.<\/span><\/p>\n","protected":false},"excerpt":{"rendered":"<p>Der Datenschutz ist uns sehr wichtig und wir beachten die Bestimmungen der europ\u00e4ischen Datenschutz-Grundverordnung (DSGVO). Wir m\u00f6chten Sie dar\u00fcber informieren, welche Daten erhoben und wie verwendet werden. Personenbezogene Daten Personenbezogene Daten sind Informationen die genutzt werden k\u00f6nnen, um Sie zu<\/p>\n","protected":false},"author":1,"featured_media":0,"parent":0,"menu_order":0,"comment_status":"closed","ping_status":"closed","template":"","meta":[],"_links":{"self":[{"href":"https:\/\/www.eduard-winter-kinderstiftung.berlin\/wordpress\/wp-json\/wp\/v2\/pages\/347"}],"collection":[{"href":"https:\/\/www.eduard-winter-kinderstiftung.berlin\/wordpress\/wp-json\/wp\/v2\/pages"}],"about":[{"href":"https:\/\/www.eduard-winter-kinderstiftung.berlin\/wordpress\/wp-json\/wp\/v2\/types\/page"}],"author":[{"embeddable":true,"href":"https:\/\/www.eduard-winter-kinderstiftung.berlin\/wordpress\/wp-json\/wp\/v2\/users\/1"}],"replies":[{"embeddable":true,"href":"https:\/\/www.eduard-winter-kinderstiftung.berlin\/wordpress\/wp-json\/wp\/v2\/comments?post=347"}],"version-history":[{"count":5,"href":"https:\/\/www.eduard-winter-kinderstiftung.berlin\/wordpress\/wp-json\/wp\/v2\/pages\/347\/revisions"}],"predecessor-version":[{"id":355,"href":"https:\/\/www.eduard-winter-kinderstiftung.berlin\/wordpress\/wp-json\/wp\/v2\/pages\/347\/revisions\/355"}],"wp:attachment":[{"href":"https:\/\/www.eduard-winter-kinderstiftung.berlin\/wordpress\/wp-json\/wp\/v2\/media?parent=347"}],"curies":[{"name":"wp","href":"https:\/\/api.w.org\/{rel}","templated":true}]}}