{"id":13,"date":"2015-05-20T12:12:19","date_gmt":"2015-05-20T10:12:19","guid":{"rendered":"http:\/\/www.eduard-winter-kinderstiftung.berlin\/wordpress\/?page_id=13"},"modified":"2023-03-13T14:59:50","modified_gmt":"2023-03-13T13:59:50","slug":"ueber-uns","status":"publish","type":"page","link":"https:\/\/www.eduard-winter-kinderstiftung.berlin\/wordpress\/","title":{"rendered":"Willkommen"},"content":{"rendered":"<p><span style=\"color: #000000;\"><strong>Willkommen<\/strong><\/span><\/p>\n<p><span style=\"color: #000000;\">Die Stiftung wurde im Januar 2015 von Frau Madeleine Winter-Schulze gegr\u00fcndet, um hilfsbed\u00fcrftige Kinder in Berlin und Brandenburg zu unterst\u00fctzen.<\/span><\/p>\n<p><span style=\"color: #000000;\">Die Stiftung f\u00f6rdert gemeinn\u00fctzige Projekte f\u00fcr Kinder und Jugendliche u. a. im sozialen, medizinischen oder auch im bildungsf\u00f6rdernden Bereich.<\/span><\/p>\n<p><span style=\"color: #000000;\"><strong>Gemeinn\u00fctzigkeit<\/strong><\/span><\/p>\n<p><span style=\"color: #000000;\">Die Stiftung untersteht der <strong>Staatsaufsicht<\/strong> in Berlin, die von der Senatsverwaltung f\u00fcr Justiz und Verbraucherschutz gef\u00fchrt wird.<\/span><\/p>\n<p><span style=\"color: #000000;\">Die Stiftung dient satzungsgem\u00e4\u00df steuerbeg\u00fcnstigten Zwecken.<\/span><\/p>\n<p><span style=\"color: #000000;\">Die Einhaltung der satzungsm\u00e4\u00dfigen Voraussetzungen nach den \u00a7\u00a7 51, 59, 60 und 61 AO wurde vom Finanzamt f\u00fcr K\u00f6rperschaften I Berlin, StNr. 27\/047\/30714, mit dem Bescheid vom 03.08.2022 nach \u00a7 60a AO gesondert festgestellt.<\/span><\/p>\n<p><span style=\"color: #000000;\">Ein aktueller Freistellungsbescheid vom 22.02.2023 zur K\u00f6rperschaftssteuer und Gewerbesteuer f\u00fcr die Jahre 2019-2021\u00a0 liegt ebenfalls vor.<\/span><\/p>\n<p><span style=\"color: #000000;\">Die Anerkennung der <strong>Gemeinn\u00fctzigkeit<\/strong> liegt damit vor.<\/span><\/p>\n","protected":false},"excerpt":{"rendered":"<p>Willkommen Die Stiftung wurde im Januar 2015 von Frau Madeleine Winter-Schulze gegr\u00fcndet, um hilfsbed\u00fcrftige Kinder in Berlin und Brandenburg zu unterst\u00fctzen. Die Stiftung f\u00f6rdert gemeinn\u00fctzige Projekte f\u00fcr Kinder und Jugendliche u. a. im sozialen, medizinischen oder auch im bildungsf\u00f6rdernden Bereich.<\/p>\n","protected":false},"author":1,"featured_media":0,"parent":0,"menu_order":0,"comment_status":"open","ping_status":"open","template":"page-templates\/template-contact.php","meta":[],"_links":{"self":[{"href":"https:\/\/www.eduard-winter-kinderstiftung.berlin\/wordpress\/wp-json\/wp\/v2\/pages\/13"}],"collection":[{"href":"https:\/\/www.eduard-winter-kinderstiftung.berlin\/wordpress\/wp-json\/wp\/v2\/pages"}],"about":[{"href":"https:\/\/www.eduard-winter-kinderstiftung.berlin\/wordpress\/wp-json\/wp\/v2\/types\/page"}],"author":[{"embeddable":true,"href":"https:\/\/www.eduard-winter-kinderstiftung.berlin\/wordpress\/wp-json\/wp\/v2\/users\/1"}],"replies":[{"embeddable":true,"href":"https:\/\/www.eduard-winter-kinderstiftung.berlin\/wordpress\/wp-json\/wp\/v2\/comments?post=13"}],"version-history":[{"count":40,"href":"https:\/\/www.eduard-winter-kinderstiftung.berlin\/wordpress\/wp-json\/wp\/v2\/pages\/13\/revisions"}],"predecessor-version":[{"id":452,"href":"https:\/\/www.eduard-winter-kinderstiftung.berlin\/wordpress\/wp-json\/wp\/v2\/pages\/13\/revisions\/452"}],"wp:attachment":[{"href":"https:\/\/www.eduard-winter-kinderstiftung.berlin\/wordpress\/wp-json\/wp\/v2\/media?parent=13"}],"curies":[{"name":"wp","href":"https:\/\/api.w.org\/{rel}","templated":true}]}}